{"id":15,"date":"2020-06-09T23:40:41","date_gmt":"2020-06-09T21:40:41","guid":{"rendered":"https:\/\/wimmergreuthgruenau.at\/?page_id=15"},"modified":"2021-05-23T12:34:19","modified_gmt":"2021-05-23T10:34:19","slug":"kontakt","status":"publish","type":"page","link":"https:\/\/sporthotel-gruenau.at\/en\/kontakt\/","title":{"rendered":"Contact"},"content":{"rendered":"<p><strong>NF Sporthotel Gr\u00fcnau &#8211; &#8222;Haus Wimmergreuth&#8220;<br>Kathrin &amp; Martin Schwarz<\/strong><\/p>\n\n\n\n<p>Address: In der Lahn 50<br>4645 Gr\u00fcnau im Almtal<br>Phone number: +43 7616 \/ 200 09<br>Mobil number: +43 699 \/ 150 11 243<br>Mail:&nbsp;<a href=\"mailto:office@wimmergreuthgruenau.at\">office@wimmergreuthgruenau.at<\/a><br><a rel=\"noreferrer noopener\" href=\"https:\/\/www.wimmergreuthgruenau.at\/\" target=\"_blank\">wimmergreuthgruenau.at<\/a><\/p>\n\n\n\n<h3 class=\"wp-block-heading\">How to Find Wimmergreuth<\/h3>\n\n\n\n<p>Our hotel is accessible by exiting the motorway A1 at Voralpenkreuz. Take the motorway A9 in the direction of Graz and exit it at Ried im Traunkreis. Drive in the direction of Almtal, followed by Pettenbach and Scharnstein, to Gr\u00fcnau im Almtal. Having reached the town, turn left at the church and take the road to Schindlbachtal. After approx. 3,5 km, turn right at the sign \u2018NATURFREUNDE SPORTHOTEL GR\u00dcNAU\u2019 before arriving at Wimmergreuth. <\/p>\n\n\n\n<p>Distance to nearest train station: 3.5 km (stop \u2018Gr\u00fcnau\u2019)<br>Distance to nearest bus stop: 8 minutes on foot (at junction to driveway)<\/p>\n\n\n\n<div id=\"embed_547\" class=\"panorama\" style=\"width:100%;height:45vh;position:relative;\"><\/div>\n<script type=\"text\/javascript\" src=\"https:\/\/panoramatourismus.at\/embed.js\" panorama=\"547\" panoramaimage=\"https:\/\/panoramatourismus.at\/fileadmin\/panoramen\/547_602e5b5fbbd06.jpg\"><\/script>","protected":false},"excerpt":{"rendered":"<p>NF Sporthotel Gr\u00fcnau &#8211; &#8222;Haus Wimmergreuth&#8220;Kathrin &amp; Martin Schwarz In der Lahn 504645 Gr\u00fcnau im AlmtalTelefon: +43 7616 \/ 200 09Mobil: +43 699 \/ 150 11 243Mail:&nbsp;office@wimmergreuthgruenau.atwimmergreuthgruenau.at Anfahrt Unser Haus erreichen Sie \u00fcber die Autobahn A1 Voralpenkreuz auf der A9 in Richtung Graz, Abfahrt Ried im Traunkreis. Dann Richtung Almtal \u00fcber Pettenbach, Scharnstein nach Gr\u00fcnau &hellip; <\/p>\n<p class=\"link-more\"><a href=\"https:\/\/sporthotel-gruenau.at\/en\/kontakt\/\" class=\"more-link\">Continue reading<span class=\"screen-reader-text\"> &#8222;Kontakt &#038; Anfahrt&#8220;<\/span><\/a><\/p>","protected":false},"author":2,"featured_media":447,"parent":0,"menu_order":8,"comment_status":"closed","ping_status":"closed","template":"","meta":{"footnotes":""},"class_list":["post-15","page","type-page","status-publish","has-post-thumbnail","hentry","entry"],"_links":{"self":[{"href":"https:\/\/sporthotel-gruenau.at\/en\/wp-json\/wp\/v2\/pages\/15","targetHints":{"allow":["GET"]}}],"collection":[{"href":"https:\/\/sporthotel-gruenau.at\/en\/wp-json\/wp\/v2\/pages"}],"about":[{"href":"https:\/\/sporthotel-gruenau.at\/en\/wp-json\/wp\/v2\/types\/page"}],"author":[{"embeddable":true,"href":"https:\/\/sporthotel-gruenau.at\/en\/wp-json\/wp\/v2\/users\/2"}],"replies":[{"embeddable":true,"href":"https:\/\/sporthotel-gruenau.at\/en\/wp-json\/wp\/v2\/comments?post=15"}],"version-history":[{"count":20,"href":"https:\/\/sporthotel-gruenau.at\/en\/wp-json\/wp\/v2\/pages\/15\/revisions"}],"predecessor-version":[{"id":580,"href":"https:\/\/sporthotel-gruenau.at\/en\/wp-json\/wp\/v2\/pages\/15\/revisions\/580"}],"wp:featuredmedia":[{"embeddable":true,"href":"https:\/\/sporthotel-gruenau.at\/en\/wp-json\/wp\/v2\/media\/447"}],"wp:attachment":[{"href":"https:\/\/sporthotel-gruenau.at\/en\/wp-json\/wp\/v2\/media?parent=15"}],"curies":[{"name":"wp","href":"https:\/\/api.w.org\/{rel}","templated":true}]}}