{"id":21,"date":"2020-06-09T23:40:41","date_gmt":"2020-06-09T21:40:41","guid":{"rendered":"https:\/\/wimmergreuthgruenau.at\/?page_id=21"},"modified":"2025-03-17T18:39:37","modified_gmt":"2025-03-17T17:39:37","slug":"startseite","status":"publish","type":"page","link":"https:\/\/sporthotel-gruenau.at\/en\/startseite\/","title":{"rendered":"The house for youth, family, seminar &amp; sport"},"content":{"rendered":"<p><\/p>\n\n\n\n<h3 class=\"wp-block-heading\">A warm and friendly atmosphere<\/h3>\n\n\n\n<p>For us at Wimmergreuth, the wellbeing of our guests is of utmost importance. We have long been a family-run hotel and make every effort to cater to your wishes and requests.<\/p>\n\n\n\n<p>No matter if you are staying with us as a family, a school class, a club or a seminar group, we are dedicated to make your stay most memorable and enjoyable.<\/p>\n\n\n\n<p>Gerne verw\u00f6hnen wir Sie mit vielf\u00e4ltiger Kost aus regionalen und saisonalen Produkten. Ob Jubil\u00e4umsfest, Hochzeitsfeier oder Seminar \u2013 wir kredenzen besondere Gerichte und Leckerbissen.<\/p>\n\n\n\n<h3 class=\"wp-block-heading\">The perfect starting point for a multitude of activities<\/h3>\n\n\n\n<p>Die Umgebung bietet umfangreiche Ausflugs- und Sportm\u00f6glichkeiten. Wandern und Bergsteigen empfehlen wir besonders. Beim Lagerfeuer l\u00e4sst sich der Tag dann richtig sch\u00f6n ausklingen.<\/p>\n\n\n\n<p>Bei Schlechtwetter ist unser ger\u00e4umiger Seminarraum eine gute Alternative. Mit Ausgang ins Gr\u00fcne erm\u00f6glicht er die Abhaltung von Seminaren, Schulungen oder Feiern mit bis zu 50 Personen.<\/p>\n\n\n\n<p>Richtig gut entspannen Sie auch in unserem neuen Wellnessbereich. Ob Sauna oder Infrarotkabine, beides tut gut und bringt neue Energie.<\/p>\n\n\n\n<p>Wimmergreuth\u2019s roomy architectural design offers plenty of space to rest, wind down and recharge your batteries. <\/p>\n\n\n\n<p>Wir freuen uns auf Ihren Besuch!<\/p>\n\n\n\n<figure class=\"wp-block-video\"><video height=\"720\" style=\"aspect-ratio: 1280 \/ 720;\" width=\"1280\" controls poster=\"https:\/\/wimmergreuthgruenau.at\/wp-content\/uploads\/2020\/08\/NF_Gruenau_3773_b-scaled.jpg\" src=\"https:\/\/wimmergreuthgruenau.at\/wp-content\/uploads\/2020\/06\/wimmergreuth_imagevideo.mp4\"><\/video><\/figure>\n\n\n\n<p><\/p>","protected":false},"excerpt":{"rendered":"<p>Ankommen und wie zu Hause f\u00fchlen! Das Wohl der G\u00e4ste steht im Mittelpunkt unseres Tuns. Hier sind alle Menschen herzlich willkommen. Wir sind seit Jahren ein famili\u00e4r betriebenes Haus und bem\u00fchen uns bestm\u00f6glich, auf alle W\u00fcnsche und Anliegen einzugehen. Egal ob Sie als Familie, Schulklasse, Verein oder Seminargruppe zu uns kommen &#8211; der Aufenthalt hier &hellip; <\/p>\n<p class=\"link-more\"><a href=\"https:\/\/sporthotel-gruenau.at\/en\/startseite\/\" class=\"more-link\">Continue reading<span class=\"screen-reader-text\"> &#8222;Das famili\u00e4re Haus f\u00fcr Jugend, Familie, Seminar &#038; Sport&#8220;<\/span><\/a><\/p>","protected":false},"author":2,"featured_media":359,"parent":0,"menu_order":1,"comment_status":"closed","ping_status":"closed","template":"","meta":{"footnotes":""},"class_list":["post-21","page","type-page","status-publish","has-post-thumbnail","hentry","entry"],"_links":{"self":[{"href":"https:\/\/sporthotel-gruenau.at\/en\/wp-json\/wp\/v2\/pages\/21","targetHints":{"allow":["GET"]}}],"collection":[{"href":"https:\/\/sporthotel-gruenau.at\/en\/wp-json\/wp\/v2\/pages"}],"about":[{"href":"https:\/\/sporthotel-gruenau.at\/en\/wp-json\/wp\/v2\/types\/page"}],"author":[{"embeddable":true,"href":"https:\/\/sporthotel-gruenau.at\/en\/wp-json\/wp\/v2\/users\/2"}],"replies":[{"embeddable":true,"href":"https:\/\/sporthotel-gruenau.at\/en\/wp-json\/wp\/v2\/comments?post=21"}],"version-history":[{"count":93,"href":"https:\/\/sporthotel-gruenau.at\/en\/wp-json\/wp\/v2\/pages\/21\/revisions"}],"predecessor-version":[{"id":1181,"href":"https:\/\/sporthotel-gruenau.at\/en\/wp-json\/wp\/v2\/pages\/21\/revisions\/1181"}],"wp:featuredmedia":[{"embeddable":true,"href":"https:\/\/sporthotel-gruenau.at\/en\/wp-json\/wp\/v2\/media\/359"}],"wp:attachment":[{"href":"https:\/\/sporthotel-gruenau.at\/en\/wp-json\/wp\/v2\/media?parent=21"}],"curies":[{"name":"wp","href":"https:\/\/api.w.org\/{rel}","templated":true}]}}