{"id":216,"date":"2020-07-04T17:12:40","date_gmt":"2020-07-04T15:12:40","guid":{"rendered":"https:\/\/wimmergreuthgruenau.at\/?page_id=216"},"modified":"2026-04-13T15:34:47","modified_gmt":"2026-04-13T13:34:47","slug":"das-haus","status":"publish","type":"page","link":"https:\/\/sporthotel-gruenau.at\/en\/","title":{"rendered":"Our Hotel"},"content":{"rendered":"<p>Das Haus Wimmergreuth liegt in wundersch\u00f6ner Alleinlage auf einer kleinen Anh\u00f6he, am Fu\u00dfe des Dachskopfes, auf 620m Seeh\u00f6he.<\/p>\n\n\n\n<p>Das Haus ist idealer Ausgangspunkt f\u00fcr entspannte Aktivit\u00e4ten wie Wandern, Bergsteigen oder Schneeschuhwandern.<\/p>\n\n\n\n<p>What makes Wimmergreuth so special is its remarkably spacious architectural design coupled with its idyllic, extensive garden, which both provide ample space for you to unwind from the pressures of everyday life and recharge your batteries.<\/p>\n\n\n\n<p>Der teilbare Seminarraum mit Terrassenausgang ins Gr\u00fcne erm\u00f6glicht die Abhaltung von Schulungen und Seminaren. Gerne kann er auch f\u00fcr Gruppenfeiern und Hochzeiten mit bis zu 50 Personen gebucht werden. <\/p>\n\n\n\n<p>For overnight stays, Wimmergreuth features several modern, comfortable family rooms and double rooms.<\/p>\n\n\n\n<figure class=\"wp-block-gallery has-nested-images columns-default is-cropped wp-block-gallery-1 is-layout-flex wp-block-gallery-is-layout-flex\">\n<figure class=\"wp-block-image size-large\"><a href=\"https:\/\/wimmergreuthgruenau.at\/wp-content\/uploads\/2020\/07\/IMG-20191217-WA0030.jpg\"><img loading=\"lazy\" decoding=\"async\" width=\"1024\" height=\"768\" data-id=\"359\" src=\"https:\/\/wimmergreuthgruenau.at\/wp-content\/uploads\/2020\/07\/IMG-20191217-WA0030.jpg\" alt=\"Haus Wimmergreuth\" class=\"wp-image-359\" srcset=\"https:\/\/sporthotel-gruenau.at\/wp-content\/uploads\/2020\/07\/IMG-20191217-WA0030.jpg 1024w, https:\/\/sporthotel-gruenau.at\/wp-content\/uploads\/2020\/07\/IMG-20191217-WA0030-300x225.jpg 300w, https:\/\/sporthotel-gruenau.at\/wp-content\/uploads\/2020\/07\/IMG-20191217-WA0030-768x576.jpg 768w\" sizes=\"auto, (max-width: 1024px) 100vw, 1024px\" \/><\/a><\/figure>\n\n\n\n<figure class=\"wp-block-image size-large\"><a href=\"https:\/\/wimmergreuthgruenau.at\/wp-content\/uploads\/2020\/07\/NF_Gruenau_3773_b_kleiner-1.png\"><img loading=\"lazy\" decoding=\"async\" width=\"1024\" height=\"533\" data-id=\"244\" src=\"https:\/\/wimmergreuthgruenau.at\/wp-content\/uploads\/2020\/07\/NF_Gruenau_3773_b_kleiner-1-1024x533.png\" alt=\"Panoramablick\" class=\"wp-image-244\" srcset=\"https:\/\/sporthotel-gruenau.at\/wp-content\/uploads\/2020\/07\/NF_Gruenau_3773_b_kleiner-1-1024x533.png 1024w, https:\/\/sporthotel-gruenau.at\/wp-content\/uploads\/2020\/07\/NF_Gruenau_3773_b_kleiner-1-300x156.png 300w, https:\/\/sporthotel-gruenau.at\/wp-content\/uploads\/2020\/07\/NF_Gruenau_3773_b_kleiner-1-768x399.png 768w, https:\/\/sporthotel-gruenau.at\/wp-content\/uploads\/2020\/07\/NF_Gruenau_3773_b_kleiner-1.png 1140w\" sizes=\"auto, (max-width: 1024px) 100vw, 1024px\" \/><\/a><\/figure>\n\n\n\n<figure class=\"wp-block-image size-large\"><a href=\"https:\/\/wimmergreuthgruenau.at\/wp-content\/uploads\/2020\/08\/NF_Gruenau_4106_b-scaled.jpg\"><img loading=\"lazy\" decoding=\"async\" width=\"1024\" height=\"683\" data-id=\"460\" src=\"https:\/\/wimmergreuthgruenau.at\/wp-content\/uploads\/2020\/08\/NF_Gruenau_4106_b-1024x683.jpg\" alt=\"Doppelzimmer\" class=\"wp-image-460\" srcset=\"https:\/\/sporthotel-gruenau.at\/wp-content\/uploads\/2020\/08\/NF_Gruenau_4106_b-1024x683.jpg 1024w, https:\/\/sporthotel-gruenau.at\/wp-content\/uploads\/2020\/08\/NF_Gruenau_4106_b-300x200.jpg 300w, https:\/\/sporthotel-gruenau.at\/wp-content\/uploads\/2020\/08\/NF_Gruenau_4106_b-768x512.jpg 768w, https:\/\/sporthotel-gruenau.at\/wp-content\/uploads\/2020\/08\/NF_Gruenau_4106_b-1536x1024.jpg 1536w, https:\/\/sporthotel-gruenau.at\/wp-content\/uploads\/2020\/08\/NF_Gruenau_4106_b-2048x1365.jpg 2048w, https:\/\/sporthotel-gruenau.at\/wp-content\/uploads\/2020\/08\/NF_Gruenau_4106_b-1568x1045.jpg 1568w\" sizes=\"auto, (max-width: 1024px) 100vw, 1024px\" \/><\/a><\/figure>\n<\/figure>\n\n\n\n<p>Neue Kraft tanken Sie in der Sauna oder Infrarotkabine des Wellnessbereichs*. Auf der sch\u00f6nen Terrasse l\u00e4sst es sich danach herrlich relaxen.<br><em>*geb\u00fchrenpflichtig<\/em><\/p>\n\n\n\n<p><\/p>\n\n\n\n<figure class=\"wp-block-gallery has-nested-images columns-default is-cropped wp-block-gallery-2 is-layout-flex wp-block-gallery-is-layout-flex\">\n<figure class=\"wp-block-image size-large\"><a href=\"https:\/\/wimmergreuthgruenau.at\/wp-content\/uploads\/2021\/10\/sauna_spiegel1.jpg\"><img loading=\"lazy\" decoding=\"async\" width=\"1024\" height=\"683\" data-id=\"669\" src=\"https:\/\/wimmergreuthgruenau.at\/wp-content\/uploads\/2021\/10\/sauna_spiegel1-1024x683.jpg\" alt=\"Wimmergreuth Wellnessbereich\" class=\"wp-image-669\" srcset=\"https:\/\/sporthotel-gruenau.at\/wp-content\/uploads\/2021\/10\/sauna_spiegel1-1024x683.jpg 1024w, https:\/\/sporthotel-gruenau.at\/wp-content\/uploads\/2021\/10\/sauna_spiegel1-300x200.jpg 300w, https:\/\/sporthotel-gruenau.at\/wp-content\/uploads\/2021\/10\/sauna_spiegel1-768x512.jpg 768w, https:\/\/sporthotel-gruenau.at\/wp-content\/uploads\/2021\/10\/sauna_spiegel1-1536x1024.jpg 1536w, https:\/\/sporthotel-gruenau.at\/wp-content\/uploads\/2021\/10\/sauna_spiegel1-2048x1366.jpg 2048w, https:\/\/sporthotel-gruenau.at\/wp-content\/uploads\/2021\/10\/sauna_spiegel1-18x12.jpg 18w, https:\/\/sporthotel-gruenau.at\/wp-content\/uploads\/2021\/10\/sauna_spiegel1-1568x1046.jpg 1568w\" sizes=\"auto, (max-width: 1024px) 100vw, 1024px\" \/><\/a><\/figure>\n\n\n\n<figure class=\"wp-block-image size-large\"><a href=\"https:\/\/wimmergreuthgruenau.at\/wp-content\/uploads\/2021\/10\/Infrarotkabine1.jpg\"><img loading=\"lazy\" decoding=\"async\" width=\"1024\" height=\"683\" data-id=\"670\" src=\"https:\/\/wimmergreuthgruenau.at\/wp-content\/uploads\/2021\/10\/Infrarotkabine1-1024x683.jpg\" alt=\"Wellnessbereich Infrarotkabine\" class=\"wp-image-670\" srcset=\"https:\/\/sporthotel-gruenau.at\/wp-content\/uploads\/2021\/10\/Infrarotkabine1-1024x683.jpg 1024w, https:\/\/sporthotel-gruenau.at\/wp-content\/uploads\/2021\/10\/Infrarotkabine1-300x200.jpg 300w, https:\/\/sporthotel-gruenau.at\/wp-content\/uploads\/2021\/10\/Infrarotkabine1-768x512.jpg 768w, https:\/\/sporthotel-gruenau.at\/wp-content\/uploads\/2021\/10\/Infrarotkabine1-1536x1024.jpg 1536w, https:\/\/sporthotel-gruenau.at\/wp-content\/uploads\/2021\/10\/Infrarotkabine1-2048x1366.jpg 2048w, https:\/\/sporthotel-gruenau.at\/wp-content\/uploads\/2021\/10\/Infrarotkabine1-18x12.jpg 18w, https:\/\/sporthotel-gruenau.at\/wp-content\/uploads\/2021\/10\/Infrarotkabine1-1568x1046.jpg 1568w\" sizes=\"auto, (max-width: 1024px) 100vw, 1024px\" \/><\/a><\/figure>\n\n\n\n<figure class=\"wp-block-image size-large\"><a href=\"https:\/\/wimmergreuthgruenau.at\/wp-content\/uploads\/2021\/10\/liegesessel_quer1.jpg\"><img loading=\"lazy\" decoding=\"async\" width=\"1024\" height=\"683\" data-id=\"671\" src=\"https:\/\/wimmergreuthgruenau.at\/wp-content\/uploads\/2021\/10\/liegesessel_quer1-1024x683.jpg\" alt=\"Liegesessel Terrasse Wellnessbereich\" class=\"wp-image-671\" srcset=\"https:\/\/sporthotel-gruenau.at\/wp-content\/uploads\/2021\/10\/liegesessel_quer1-1024x683.jpg 1024w, https:\/\/sporthotel-gruenau.at\/wp-content\/uploads\/2021\/10\/liegesessel_quer1-300x200.jpg 300w, https:\/\/sporthotel-gruenau.at\/wp-content\/uploads\/2021\/10\/liegesessel_quer1-768x512.jpg 768w, https:\/\/sporthotel-gruenau.at\/wp-content\/uploads\/2021\/10\/liegesessel_quer1-1536x1024.jpg 1536w, https:\/\/sporthotel-gruenau.at\/wp-content\/uploads\/2021\/10\/liegesessel_quer1-2048x1366.jpg 2048w, https:\/\/sporthotel-gruenau.at\/wp-content\/uploads\/2021\/10\/liegesessel_quer1-18x12.jpg 18w, https:\/\/sporthotel-gruenau.at\/wp-content\/uploads\/2021\/10\/liegesessel_quer1-1568x1046.jpg 1568w\" sizes=\"auto, (max-width: 1024px) 100vw, 1024px\" \/><\/a><\/figure>\n<\/figure>\n\n\n\n<p>As we are dedicated to accommodating your wishes, we are\t happy to put together a personalized offer \u2013 including an individual programme \u2013 for your event.<\/p>\n\n\n\n<p>We are looking forward to your stay!<br>Herzlich,<br>Kathrin &amp; Martin<\/p>","protected":false},"excerpt":{"rendered":"<p>Das Haus Wimmergreuth liegt in wundersch\u00f6ner Alleinlage auf einer kleinen Anh\u00f6he, am Fu\u00dfe des Dachskopfes, auf 620m Seeh\u00f6he. Das Haus ist idealer Ausgangspunkt f\u00fcr entspannte Aktivit\u00e4ten wie Wandern, Bergsteigen oder Schneeschuhwandern. Die Gro\u00dfz\u00fcgigkeit der Architektur zeigt sich im ganzen Haus. Immer findet sich irgendwo ein ruhiges Pl\u00e4tzchen zum Entspannen und um zur Ruhe zu kommen. &hellip; <\/p>\n<p class=\"link-more\"><a href=\"https:\/\/sporthotel-gruenau.at\/en\/\" class=\"more-link\">Continue reading<span class=\"screen-reader-text\"> &#8222;Unser Haus&#8220;<\/span><\/a><\/p>","protected":false},"author":2,"featured_media":301,"parent":0,"menu_order":3,"comment_status":"closed","ping_status":"closed","template":"","meta":{"footnotes":""},"class_list":["post-216","page","type-page","status-publish","has-post-thumbnail","hentry","entry"],"_links":{"self":[{"href":"https:\/\/sporthotel-gruenau.at\/en\/wp-json\/wp\/v2\/pages\/216","targetHints":{"allow":["GET"]}}],"collection":[{"href":"https:\/\/sporthotel-gruenau.at\/en\/wp-json\/wp\/v2\/pages"}],"about":[{"href":"https:\/\/sporthotel-gruenau.at\/en\/wp-json\/wp\/v2\/types\/page"}],"author":[{"embeddable":true,"href":"https:\/\/sporthotel-gruenau.at\/en\/wp-json\/wp\/v2\/users\/2"}],"replies":[{"embeddable":true,"href":"https:\/\/sporthotel-gruenau.at\/en\/wp-json\/wp\/v2\/comments?post=216"}],"version-history":[{"count":43,"href":"https:\/\/sporthotel-gruenau.at\/en\/wp-json\/wp\/v2\/pages\/216\/revisions"}],"predecessor-version":[{"id":1300,"href":"https:\/\/sporthotel-gruenau.at\/en\/wp-json\/wp\/v2\/pages\/216\/revisions\/1300"}],"wp:featuredmedia":[{"embeddable":true,"href":"https:\/\/sporthotel-gruenau.at\/en\/wp-json\/wp\/v2\/media\/301"}],"wp:attachment":[{"href":"https:\/\/sporthotel-gruenau.at\/en\/wp-json\/wp\/v2\/media?parent=216"}],"curies":[{"name":"wp","href":"https:\/\/api.w.org\/{rel}","templated":true}]}}