{"id":222,"date":"2020-07-04T17:25:59","date_gmt":"2020-07-04T15:25:59","guid":{"rendered":"https:\/\/wimmergreuthgruenau.at\/?page_id=222"},"modified":"2021-10-18T21:40:16","modified_gmt":"2021-10-18T19:40:16","slug":"uebernachten","status":"publish","type":"page","link":"https:\/\/sporthotel-gruenau.at\/en\/uebernachten\/","title":{"rendered":"Stay"},"content":{"rendered":"<p>For overnight stays, Wimmergreuth features several modern, comfortable family rooms and double rooms.<\/p>\n\n\n\n<h3 class=\"wp-block-heading\">Room amenities and hotel services<\/h3>\n\n\n\n<ul class=\"wp-block-list\"><li>En suite family rooms and double rooms<\/li><li>Breakfast, half board or full board specifically designed to satisfy the demands of a balanced, varied diet<\/li><li>Fully equipped conference room<\/li><li>Neuer Wellnessbereich mit Sauna, Infrarotkabine und sch\u00f6ner Terrasse<\/li><li>Table tennis<\/li><li>Spacious terrace with panoramic view<\/li><li>Large recreation and play area with campfire site<\/li><li>Free parking<\/li><\/ul>\n\n\n\n<p>We offer discounts for groups, members of the Austrian Alpine Association and the \u2018Naturfreunde\u2019.<\/p>\n\n\n\n<figure class=\"wp-block-gallery columns-3 is-cropped wp-block-gallery-1 is-layout-flex wp-block-gallery-is-layout-flex\"><ul class=\"blocks-gallery-grid\"><li class=\"blocks-gallery-item\"><figure><a href=\"https:\/\/wimmergreuthgruenau.at\/wp-content\/uploads\/2020\/08\/NF_Gruenau_4101_b-scaled.jpg\"><img loading=\"lazy\" decoding=\"async\" width=\"1024\" height=\"683\" src=\"https:\/\/wimmergreuthgruenau.at\/wp-content\/uploads\/2020\/08\/NF_Gruenau_4101_b-1024x683.jpg\" alt=\"Doppelzimmer\" data-id=\"463\" data-full-url=\"https:\/\/wimmergreuthgruenau.at\/wp-content\/uploads\/2020\/08\/NF_Gruenau_4101_b-scaled.jpg\" data-link=\"https:\/\/wimmergreuthgruenau.at\/uebernachten\/im-auftrag-von-naturfreunde-ooe-christian-dornauer-10\/\" class=\"wp-image-463\" srcset=\"https:\/\/sporthotel-gruenau.at\/wp-content\/uploads\/2020\/08\/NF_Gruenau_4101_b-1024x683.jpg 1024w, https:\/\/sporthotel-gruenau.at\/wp-content\/uploads\/2020\/08\/NF_Gruenau_4101_b-300x200.jpg 300w, https:\/\/sporthotel-gruenau.at\/wp-content\/uploads\/2020\/08\/NF_Gruenau_4101_b-768x512.jpg 768w, https:\/\/sporthotel-gruenau.at\/wp-content\/uploads\/2020\/08\/NF_Gruenau_4101_b-1536x1024.jpg 1536w, https:\/\/sporthotel-gruenau.at\/wp-content\/uploads\/2020\/08\/NF_Gruenau_4101_b-2048x1365.jpg 2048w, https:\/\/sporthotel-gruenau.at\/wp-content\/uploads\/2020\/08\/NF_Gruenau_4101_b-1568x1045.jpg 1568w\" sizes=\"auto, (max-width: 1024px) 100vw, 1024px\" \/><\/a><\/figure><\/li><li class=\"blocks-gallery-item\"><figure><a href=\"https:\/\/wimmergreuthgruenau.at\/wp-content\/uploads\/2020\/08\/IMG_20200703_144921-scaled.jpg\"><img loading=\"lazy\" decoding=\"async\" width=\"1024\" height=\"472\" src=\"https:\/\/wimmergreuthgruenau.at\/wp-content\/uploads\/2020\/08\/IMG_20200703_144921-1024x472.jpg\" alt=\"Familienzimmer\" data-id=\"464\" data-full-url=\"https:\/\/wimmergreuthgruenau.at\/wp-content\/uploads\/2020\/08\/IMG_20200703_144921-scaled.jpg\" data-link=\"https:\/\/wimmergreuthgruenau.at\/uebernachten\/img_20200703_144921\/\" class=\"wp-image-464\" srcset=\"https:\/\/sporthotel-gruenau.at\/wp-content\/uploads\/2020\/08\/IMG_20200703_144921-1024x472.jpg 1024w, https:\/\/sporthotel-gruenau.at\/wp-content\/uploads\/2020\/08\/IMG_20200703_144921-300x138.jpg 300w, https:\/\/sporthotel-gruenau.at\/wp-content\/uploads\/2020\/08\/IMG_20200703_144921-768x354.jpg 768w, https:\/\/sporthotel-gruenau.at\/wp-content\/uploads\/2020\/08\/IMG_20200703_144921-1536x707.jpg 1536w, https:\/\/sporthotel-gruenau.at\/wp-content\/uploads\/2020\/08\/IMG_20200703_144921-2048x943.jpg 2048w, https:\/\/sporthotel-gruenau.at\/wp-content\/uploads\/2020\/08\/IMG_20200703_144921-1568x722.jpg 1568w\" sizes=\"auto, (max-width: 1024px) 100vw, 1024px\" \/><\/a><\/figure><\/li><li class=\"blocks-gallery-item\"><figure><a href=\"https:\/\/wimmergreuthgruenau.at\/wp-content\/uploads\/2020\/08\/doppelzimmer.jpg\"><img loading=\"lazy\" decoding=\"async\" width=\"800\" height=\"600\" src=\"https:\/\/wimmergreuthgruenau.at\/wp-content\/uploads\/2020\/08\/doppelzimmer.jpg\" alt=\"Doppelzimmer\" data-id=\"465\" data-full-url=\"https:\/\/wimmergreuthgruenau.at\/wp-content\/uploads\/2020\/08\/doppelzimmer.jpg\" data-link=\"https:\/\/wimmergreuthgruenau.at\/uebernachten\/doppelzimmer-4\/\" class=\"wp-image-465\" srcset=\"https:\/\/sporthotel-gruenau.at\/wp-content\/uploads\/2020\/08\/doppelzimmer.jpg 800w, https:\/\/sporthotel-gruenau.at\/wp-content\/uploads\/2020\/08\/doppelzimmer-300x225.jpg 300w, https:\/\/sporthotel-gruenau.at\/wp-content\/uploads\/2020\/08\/doppelzimmer-768x576.jpg 768w\" sizes=\"auto, (max-width: 800px) 100vw, 800px\" \/><\/a><\/figure><\/li><\/ul><\/figure>\n\n\n\n<p><\/p>","protected":false},"excerpt":{"rendered":"<p>F\u00fcr die N\u00e4chtigungen stehen mehrere moderne Familienzimmer und Doppelzimmer zur Auswahl. Leistungen und Ausstattung Moderne Doppelzimmer und Familienzimmer mit Sat-TV, Bad\/WC Fr\u00fchst\u00fcck, Halbpension oder Vollpension mit abwechslungsreicher Kost Voll ausgestatteter Seminarraum (teilbar) Neuer Wellnessbereich mit Sauna, Infrarotkabine und sch\u00f6ner Terrasse Tischtennis Gro\u00dfz\u00fcgig angelegte Terrasse mit Panoramablick Gro\u00dfe Erholungs- und Spielwiese mit Feuerstelle Gratis Parkpl\u00e4tze Wir &hellip; <\/p>\n<p class=\"link-more\"><a href=\"https:\/\/sporthotel-gruenau.at\/en\/uebernachten\/\" class=\"more-link\">Continue reading<span class=\"screen-reader-text\"> &#8222;\u00dcbernachten&#8220;<\/span><\/a><\/p>","protected":false},"author":2,"featured_media":460,"parent":0,"menu_order":7,"comment_status":"closed","ping_status":"closed","template":"","meta":{"footnotes":""},"class_list":["post-222","page","type-page","status-publish","has-post-thumbnail","hentry","entry"],"_links":{"self":[{"href":"https:\/\/sporthotel-gruenau.at\/en\/wp-json\/wp\/v2\/pages\/222","targetHints":{"allow":["GET"]}}],"collection":[{"href":"https:\/\/sporthotel-gruenau.at\/en\/wp-json\/wp\/v2\/pages"}],"about":[{"href":"https:\/\/sporthotel-gruenau.at\/en\/wp-json\/wp\/v2\/types\/page"}],"author":[{"embeddable":true,"href":"https:\/\/sporthotel-gruenau.at\/en\/wp-json\/wp\/v2\/users\/2"}],"replies":[{"embeddable":true,"href":"https:\/\/sporthotel-gruenau.at\/en\/wp-json\/wp\/v2\/comments?post=222"}],"version-history":[{"count":19,"href":"https:\/\/sporthotel-gruenau.at\/en\/wp-json\/wp\/v2\/pages\/222\/revisions"}],"predecessor-version":[{"id":645,"href":"https:\/\/sporthotel-gruenau.at\/en\/wp-json\/wp\/v2\/pages\/222\/revisions\/645"}],"wp:featuredmedia":[{"embeddable":true,"href":"https:\/\/sporthotel-gruenau.at\/en\/wp-json\/wp\/v2\/media\/460"}],"wp:attachment":[{"href":"https:\/\/sporthotel-gruenau.at\/en\/wp-json\/wp\/v2\/media?parent=222"}],"curies":[{"name":"wp","href":"https:\/\/api.w.org\/{rel}","templated":true}]}}