{"id":234,"date":"2020-07-04T18:03:24","date_gmt":"2020-07-04T16:03:24","guid":{"rendered":"https:\/\/wimmergreuthgruenau.at\/?page_id=234"},"modified":"2020-08-17T23:30:50","modified_gmt":"2020-08-17T21:30:50","slug":"feste-feiern-im-wimmergreuth","status":"publish","type":"page","link":"https:\/\/sporthotel-gruenau.at\/en\/feste-feiern-im-wimmergreuth\/","title":{"rendered":"Festivities &amp; Celebrations at Wimmergreuth"},"content":{"rendered":"<p>Wimmergreuth\u2019s exceptional architecture along with its beautiful, idyllic garden make it a perfect location for hosting festivities and celebrations.<\/p>\n\n\n\n<figure class=\"wp-block-gallery columns-3 is-cropped wp-block-gallery-1 is-layout-flex wp-block-gallery-is-layout-flex\"><ul class=\"blocks-gallery-grid\"><li class=\"blocks-gallery-item\"><figure><a href=\"https:\/\/wimmergreuthgruenau.at\/wp-content\/uploads\/2020\/07\/NF_Gruenau_3773_b_kleiner-1.png\"><img loading=\"lazy\" decoding=\"async\" width=\"1024\" height=\"533\" src=\"https:\/\/wimmergreuthgruenau.at\/wp-content\/uploads\/2020\/07\/NF_Gruenau_3773_b_kleiner-1-1024x533.png\" alt=\"Panoramablick\" data-id=\"244\" data-full-url=\"https:\/\/wimmergreuthgruenau.at\/wp-content\/uploads\/2020\/07\/NF_Gruenau_3773_b_kleiner-1.png\" data-link=\"https:\/\/wimmergreuthgruenau.at\/schulprojekte-und-abenteuertage\/nf_gruenau_3773_b_kleiner-1\/\" class=\"wp-image-244\" srcset=\"https:\/\/sporthotel-gruenau.at\/wp-content\/uploads\/2020\/07\/NF_Gruenau_3773_b_kleiner-1-1024x533.png 1024w, https:\/\/sporthotel-gruenau.at\/wp-content\/uploads\/2020\/07\/NF_Gruenau_3773_b_kleiner-1-300x156.png 300w, https:\/\/sporthotel-gruenau.at\/wp-content\/uploads\/2020\/07\/NF_Gruenau_3773_b_kleiner-1-768x399.png 768w, https:\/\/sporthotel-gruenau.at\/wp-content\/uploads\/2020\/07\/NF_Gruenau_3773_b_kleiner-1.png 1140w\" sizes=\"auto, (max-width: 1024px) 100vw, 1024px\" \/><\/a><\/figure><\/li><li class=\"blocks-gallery-item\"><figure><a href=\"https:\/\/wimmergreuthgruenau.at\/wp-content\/uploads\/2020\/07\/seminarraum2.png\"><img loading=\"lazy\" decoding=\"async\" width=\"1024\" height=\"683\" src=\"https:\/\/wimmergreuthgruenau.at\/wp-content\/uploads\/2020\/07\/seminarraum2-1024x683.png\" alt=\"Seminarraum\" data-id=\"308\" data-full-url=\"https:\/\/wimmergreuthgruenau.at\/wp-content\/uploads\/2020\/07\/seminarraum2.png\" data-link=\"https:\/\/wimmergreuthgruenau.at\/seminarraum2\/\" class=\"wp-image-308\" srcset=\"https:\/\/sporthotel-gruenau.at\/wp-content\/uploads\/2020\/07\/seminarraum2-1024x683.png 1024w, https:\/\/sporthotel-gruenau.at\/wp-content\/uploads\/2020\/07\/seminarraum2-300x200.png 300w, https:\/\/sporthotel-gruenau.at\/wp-content\/uploads\/2020\/07\/seminarraum2-768x512.png 768w, https:\/\/sporthotel-gruenau.at\/wp-content\/uploads\/2020\/07\/seminarraum2.png 1140w\" sizes=\"auto, (max-width: 1024px) 100vw, 1024px\" \/><\/a><\/figure><\/li><li class=\"blocks-gallery-item\"><figure><a href=\"https:\/\/wimmergreuthgruenau.at\/wp-content\/uploads\/2020\/08\/IMG-20200216-WA0002_1594308143148.jpg\"><img loading=\"lazy\" decoding=\"async\" width=\"777\" height=\"661\" src=\"https:\/\/wimmergreuthgruenau.at\/wp-content\/uploads\/2020\/08\/IMG-20200216-WA0002_1594308143148.jpg\" alt=\"Festlich gedeckter Tisch\" data-id=\"438\" data-full-url=\"https:\/\/wimmergreuthgruenau.at\/wp-content\/uploads\/2020\/08\/IMG-20200216-WA0002_1594308143148.jpg\" data-link=\"https:\/\/wimmergreuthgruenau.at\/feste-feiern-im-wimmergreuth\/img-20200216-wa0002_1594308143148\/\" class=\"wp-image-438\" srcset=\"https:\/\/sporthotel-gruenau.at\/wp-content\/uploads\/2020\/08\/IMG-20200216-WA0002_1594308143148.jpg 777w, https:\/\/sporthotel-gruenau.at\/wp-content\/uploads\/2020\/08\/IMG-20200216-WA0002_1594308143148-300x255.jpg 300w, https:\/\/sporthotel-gruenau.at\/wp-content\/uploads\/2020\/08\/IMG-20200216-WA0002_1594308143148-768x653.jpg 768w\" sizes=\"auto, (max-width: 777px) 100vw, 777px\" \/><\/a><\/figure><\/li><\/ul><\/figure>\n\n\n\n<p>Our chef de cuisine, Markus, will spoil you with first-class culinary delicacies to ensure an exhilarating celebratory experience.\nWimmergreuth is the ideal location for hosting: <\/p>\n\n\n\n<ul class=\"wp-block-list\"><li>Birthday parties<\/li><li>Wedding receptions<\/li><li>Office parties<\/li><li>Corporate events and business meetings<\/li><li>Children\u2019s parties<\/li><\/ul>\n\n\n\n<p>We are happy to accommodate your wishes and requests. Just contact us for a personalized offer and we will get back to you as soon as we can!<\/p>","protected":false},"excerpt":{"rendered":"<p>N\u00fctzen Sie gerne die Gro\u00dfz\u00fcgigkeit der Architektur im Haus und unsere wundersch\u00f6ne Lage f\u00fcr Feste &amp; Feierlichkeiten. Der liebevoll angelegte idyllische Garten und die Umgebung des Hauses machen Ihr Fest zum besonderen Ereignis. Unser K\u00fcchenchef, Martin, verw\u00f6hnt Sie mit erstklassiger Gastronomie. Mit gewohnt pers\u00f6nlichen und famili\u00e4ren Service gehen wir gerne auf Ihre W\u00fcnsche und Anliegen &hellip; <\/p>\n<p class=\"link-more\"><a href=\"https:\/\/sporthotel-gruenau.at\/en\/feste-feiern-im-wimmergreuth\/\" class=\"more-link\">Continue reading<span class=\"screen-reader-text\"> &#8222;Feste &#038; Feiern im Wimmergreuth&#8220;<\/span><\/a><\/p>","protected":false},"author":2,"featured_media":468,"parent":0,"menu_order":5,"comment_status":"closed","ping_status":"closed","template":"","meta":{"footnotes":""},"class_list":["post-234","page","type-page","status-publish","has-post-thumbnail","hentry","entry"],"_links":{"self":[{"href":"https:\/\/sporthotel-gruenau.at\/en\/wp-json\/wp\/v2\/pages\/234","targetHints":{"allow":["GET"]}}],"collection":[{"href":"https:\/\/sporthotel-gruenau.at\/en\/wp-json\/wp\/v2\/pages"}],"about":[{"href":"https:\/\/sporthotel-gruenau.at\/en\/wp-json\/wp\/v2\/types\/page"}],"author":[{"embeddable":true,"href":"https:\/\/sporthotel-gruenau.at\/en\/wp-json\/wp\/v2\/users\/2"}],"replies":[{"embeddable":true,"href":"https:\/\/sporthotel-gruenau.at\/en\/wp-json\/wp\/v2\/comments?post=234"}],"version-history":[{"count":11,"href":"https:\/\/sporthotel-gruenau.at\/en\/wp-json\/wp\/v2\/pages\/234\/revisions"}],"predecessor-version":[{"id":439,"href":"https:\/\/sporthotel-gruenau.at\/en\/wp-json\/wp\/v2\/pages\/234\/revisions\/439"}],"wp:featuredmedia":[{"embeddable":true,"href":"https:\/\/sporthotel-gruenau.at\/en\/wp-json\/wp\/v2\/media\/468"}],"wp:attachment":[{"href":"https:\/\/sporthotel-gruenau.at\/en\/wp-json\/wp\/v2\/media?parent=234"}],"curies":[{"name":"wp","href":"https:\/\/api.w.org\/{rel}","templated":true}]}}