{"id":243,"date":"2020-07-04T18:13:07","date_gmt":"2020-07-04T16:13:07","guid":{"rendered":"https:\/\/wimmergreuthgruenau.at\/?page_id=243"},"modified":"2021-10-18T21:56:22","modified_gmt":"2021-10-18T19:56:22","slug":"schulprojekte-und-abenteuertage","status":"publish","type":"page","link":"https:\/\/sporthotel-gruenau.at\/en\/schulprojekte-und-abenteuertage\/","title":{"rendered":"School Trips &amp; School Activity Breaks"},"content":{"rendered":"<p>At Wimmergreuth, we make it a point to cater to school trips and school activity breaks.<\/p>\n\n\n\n<p>Our spacious house, which sits amid idyllic surroundings, provides an ideal setting for students to bond with their classmates, improve their conflict resolution skills, learn to collaborate with their peers and most of all embark on a memorable school trip.<\/p>\n\n\n\n<p>Our architecturally generously built house and the beautiful surroundings make these days unforgettable moments. <\/p>\n\n\n\n<p>Our house offers ample space for student groups, seating fifty in the dining room and another twenty on the terrace. In case of bad weather, our private conference room can be used as an alternative indoor facility.<\/p>\n\n\n\n<figure class=\"wp-block-gallery columns-3 is-cropped wp-block-gallery-1 is-layout-flex wp-block-gallery-is-layout-flex\"><ul class=\"blocks-gallery-grid\"><li class=\"blocks-gallery-item\"><figure><a href=\"https:\/\/wimmergreuthgruenau.at\/wp-content\/uploads\/2020\/07\/NF_Gruenau_3773_b_kleiner-1.png\"><img loading=\"lazy\" decoding=\"async\" width=\"1024\" height=\"533\" src=\"https:\/\/wimmergreuthgruenau.at\/wp-content\/uploads\/2020\/07\/NF_Gruenau_3773_b_kleiner-1-1024x533.png\" alt=\"\" data-id=\"244\" data-full-url=\"https:\/\/wimmergreuthgruenau.at\/wp-content\/uploads\/2020\/07\/NF_Gruenau_3773_b_kleiner-1.png\" data-link=\"https:\/\/wimmergreuthgruenau.at\/schulprojekte-und-abenteuertage\/nf_gruenau_3773_b_kleiner-1\/\" class=\"wp-image-244\" srcset=\"https:\/\/sporthotel-gruenau.at\/wp-content\/uploads\/2020\/07\/NF_Gruenau_3773_b_kleiner-1-1024x533.png 1024w, https:\/\/sporthotel-gruenau.at\/wp-content\/uploads\/2020\/07\/NF_Gruenau_3773_b_kleiner-1-300x156.png 300w, https:\/\/sporthotel-gruenau.at\/wp-content\/uploads\/2020\/07\/NF_Gruenau_3773_b_kleiner-1-768x399.png 768w, https:\/\/sporthotel-gruenau.at\/wp-content\/uploads\/2020\/07\/NF_Gruenau_3773_b_kleiner-1.png 1140w\" sizes=\"auto, (max-width: 1024px) 100vw, 1024px\" \/><\/a><\/figure><\/li><li class=\"blocks-gallery-item\"><figure><a href=\"https:\/\/wimmergreuthgruenau.at\/wp-content\/uploads\/2020\/08\/NF_Gruenau_3836_b-scaled.jpg\"><img loading=\"lazy\" decoding=\"async\" width=\"1024\" height=\"878\" src=\"https:\/\/wimmergreuthgruenau.at\/wp-content\/uploads\/2020\/08\/NF_Gruenau_3836_b-1024x878.jpg\" alt=\"Atrium\" data-id=\"443\" data-full-url=\"https:\/\/wimmergreuthgruenau.at\/wp-content\/uploads\/2020\/08\/NF_Gruenau_3836_b-scaled.jpg\" data-link=\"https:\/\/wimmergreuthgruenau.at\/aktivitaeten-veranstaltungen\/nf_gruenau_3836_b\/\" class=\"wp-image-443\" srcset=\"https:\/\/sporthotel-gruenau.at\/wp-content\/uploads\/2020\/08\/NF_Gruenau_3836_b-1024x878.jpg 1024w, https:\/\/sporthotel-gruenau.at\/wp-content\/uploads\/2020\/08\/NF_Gruenau_3836_b-300x257.jpg 300w, https:\/\/sporthotel-gruenau.at\/wp-content\/uploads\/2020\/08\/NF_Gruenau_3836_b-768x659.jpg 768w, https:\/\/sporthotel-gruenau.at\/wp-content\/uploads\/2020\/08\/NF_Gruenau_3836_b-1536x1317.jpg 1536w, https:\/\/sporthotel-gruenau.at\/wp-content\/uploads\/2020\/08\/NF_Gruenau_3836_b-2048x1756.jpg 2048w, https:\/\/sporthotel-gruenau.at\/wp-content\/uploads\/2020\/08\/NF_Gruenau_3836_b-1568x1345.jpg 1568w\" sizes=\"auto, (max-width: 1024px) 100vw, 1024px\" \/><\/a><\/figure><\/li><li class=\"blocks-gallery-item\"><figure><a href=\"https:\/\/wimmergreuthgruenau.at\/wp-content\/uploads\/2020\/07\/seminarraum2.png\"><img loading=\"lazy\" decoding=\"async\" width=\"1024\" height=\"683\" src=\"https:\/\/wimmergreuthgruenau.at\/wp-content\/uploads\/2020\/07\/seminarraum2-1024x683.png\" alt=\"Seminarraum\" data-id=\"308\" data-full-url=\"https:\/\/wimmergreuthgruenau.at\/wp-content\/uploads\/2020\/07\/seminarraum2.png\" data-link=\"https:\/\/wimmergreuthgruenau.at\/seminarraum2\/\" class=\"wp-image-308\" srcset=\"https:\/\/sporthotel-gruenau.at\/wp-content\/uploads\/2020\/07\/seminarraum2-1024x683.png 1024w, https:\/\/sporthotel-gruenau.at\/wp-content\/uploads\/2020\/07\/seminarraum2-300x200.png 300w, https:\/\/sporthotel-gruenau.at\/wp-content\/uploads\/2020\/07\/seminarraum2-768x512.png 768w, https:\/\/sporthotel-gruenau.at\/wp-content\/uploads\/2020\/07\/seminarraum2.png 1140w\" sizes=\"auto, (max-width: 1024px) 100vw, 1024px\" \/><\/a><\/figure><\/li><\/ul><\/figure>\n\n\n\n<p>We are dedicated to providing you with a personalized experience at Wimmergreuth and are happy to accommodate your wishes and requests. Please contact us for a personalized offer and we will get back to you as soon as we can!<\/p>","protected":false},"excerpt":{"rendered":"<p>Ob Kennenlerntage, Sportwoche oder Projekttage. Bei uns finden Schulprojekte Platz und Raum. Die vielf\u00e4ltigen Erlebnisse dieser Tage haben neben der sportlichen Komponente das Ziel, dass die Sch\u00fclerinnen und Sch\u00fcler miteinander vertraut werden, Konflikte auf faire Art und Weise austragen und ein gutes Klassenklima entsteht. Unser architektonisch gro\u00dfz\u00fcgig gebautes Haus und die wundersch\u00f6ne Umgebung lassen diese &hellip; <\/p>\n<p class=\"link-more\"><a href=\"https:\/\/sporthotel-gruenau.at\/en\/schulprojekte-und-abenteuertage\/\" class=\"more-link\">Continue reading<span class=\"screen-reader-text\"> &#8222;Schulprojekte und Abenteuertage&#8220;<\/span><\/a><\/p>","protected":false},"author":2,"featured_media":440,"parent":0,"menu_order":6,"comment_status":"closed","ping_status":"closed","template":"","meta":{"footnotes":""},"class_list":["post-243","page","type-page","status-publish","has-post-thumbnail","hentry","entry"],"_links":{"self":[{"href":"https:\/\/sporthotel-gruenau.at\/en\/wp-json\/wp\/v2\/pages\/243","targetHints":{"allow":["GET"]}}],"collection":[{"href":"https:\/\/sporthotel-gruenau.at\/en\/wp-json\/wp\/v2\/pages"}],"about":[{"href":"https:\/\/sporthotel-gruenau.at\/en\/wp-json\/wp\/v2\/types\/page"}],"author":[{"embeddable":true,"href":"https:\/\/sporthotel-gruenau.at\/en\/wp-json\/wp\/v2\/users\/2"}],"replies":[{"embeddable":true,"href":"https:\/\/sporthotel-gruenau.at\/en\/wp-json\/wp\/v2\/comments?post=243"}],"version-history":[{"count":22,"href":"https:\/\/sporthotel-gruenau.at\/en\/wp-json\/wp\/v2\/pages\/243\/revisions"}],"predecessor-version":[{"id":652,"href":"https:\/\/sporthotel-gruenau.at\/en\/wp-json\/wp\/v2\/pages\/243\/revisions\/652"}],"wp:featuredmedia":[{"embeddable":true,"href":"https:\/\/sporthotel-gruenau.at\/en\/wp-json\/wp\/v2\/media\/440"}],"wp:attachment":[{"href":"https:\/\/sporthotel-gruenau.at\/en\/wp-json\/wp\/v2\/media?parent=243"}],"curies":[{"name":"wp","href":"https:\/\/api.w.org\/{rel}","templated":true}]}}