{"id":255,"date":"2020-07-04T18:26:19","date_gmt":"2020-07-04T16:26:19","guid":{"rendered":"https:\/\/wimmergreuthgruenau.at\/?page_id=255"},"modified":"2025-03-17T18:29:13","modified_gmt":"2025-03-17T17:29:13","slug":"aktivitaeten-veranstaltungen","status":"publish","type":"page","link":"https:\/\/sporthotel-gruenau.at\/en\/aktivitaeten-veranstaltungen\/","title":{"rendered":"Activities &amp; Events"},"content":{"rendered":"<p>Unser Haus liegt in wundersch\u00f6ner Lage, auf einer Anh\u00f6he, am Fu\u00dfe des Dachskopfes auf 620m Seeh\u00f6he.<\/p>\n\n\n\n<p>This makes it a perfect starting point for a great variety of sports, such as hiking, climbing, cycling and mountaineering.<\/p>\n\n\n\n<ul class=\"wp-block-list\">\n<li><strong>Marked hiking trails:<\/strong>&nbsp;Kasberg (Sepp Huber mountain hut via Kasberg to Steyrer mountain hut), Hochsalm, Mittagstein, Pfannstein to Kremsmauer. Schindlbach-Wasserboden-Klausnerreith-Steyrling.<\/li>\n\n\n\n<li><strong>Ascents:<\/strong>&nbsp;Kasberg 1747m, Hochsalm 1405m, Mittagstein 1260m<\/li>\n\n\n\n<li><strong>Ski tours:<\/strong> Kasberg, Spitzplaneck<\/li>\n\n\n\n<li><strong>Activities in the surrounding area:<\/strong>&nbsp;Cumberland-Konrad Lorenz Wildlife Park Research Centre, Almsee, Oedseen, Kinderland Schindlbach, horse riding, low rope course, crime museum, castle ruins in Scharnstein<\/li>\n<\/ul>\n\n\n\n<figure class=\"wp-block-gallery has-nested-images columns-default is-cropped wp-block-gallery-1 is-layout-flex wp-block-gallery-is-layout-flex\">\n<figure class=\"wp-block-image size-large\"><a href=\"https:\/\/wimmergreuthgruenau.at\/wp-content\/uploads\/2020\/07\/20200630_170533_1594309636927-scaled.jpg\"><img loading=\"lazy\" decoding=\"async\" width=\"1024\" height=\"576\" data-id=\"349\" src=\"https:\/\/wimmergreuthgruenau.at\/wp-content\/uploads\/2020\/07\/20200630_170533_1594309636927-1024x576.jpg\" alt=\"Sch\u00f6ner Ausblick auf den Almsee\" class=\"wp-image-349\" srcset=\"https:\/\/sporthotel-gruenau.at\/wp-content\/uploads\/2020\/07\/20200630_170533_1594309636927-1024x576.jpg 1024w, https:\/\/sporthotel-gruenau.at\/wp-content\/uploads\/2020\/07\/20200630_170533_1594309636927-300x169.jpg 300w, https:\/\/sporthotel-gruenau.at\/wp-content\/uploads\/2020\/07\/20200630_170533_1594309636927-768x432.jpg 768w, https:\/\/sporthotel-gruenau.at\/wp-content\/uploads\/2020\/07\/20200630_170533_1594309636927-1536x864.jpg 1536w, https:\/\/sporthotel-gruenau.at\/wp-content\/uploads\/2020\/07\/20200630_170533_1594309636927-2048x1152.jpg 2048w, https:\/\/sporthotel-gruenau.at\/wp-content\/uploads\/2020\/07\/20200630_170533_1594309636927-1568x882.jpg 1568w\" sizes=\"auto, (max-width: 1024px) 100vw, 1024px\" \/><\/a><\/figure>\n\n\n\n<figure class=\"wp-block-image size-large\"><a href=\"https:\/\/wimmergreuthgruenau.at\/wp-content\/uploads\/2020\/07\/Lagerfeuerplatz-2015.png\"><img loading=\"lazy\" decoding=\"async\" width=\"913\" height=\"443\" data-id=\"351\" src=\"https:\/\/wimmergreuthgruenau.at\/wp-content\/uploads\/2020\/07\/Lagerfeuerplatz-2015.png\" alt=\"Lagerfeuerplatz Wimmergreuth Garten\" class=\"wp-image-351\" srcset=\"https:\/\/sporthotel-gruenau.at\/wp-content\/uploads\/2020\/07\/Lagerfeuerplatz-2015.png 913w, https:\/\/sporthotel-gruenau.at\/wp-content\/uploads\/2020\/07\/Lagerfeuerplatz-2015-300x146.png 300w, https:\/\/sporthotel-gruenau.at\/wp-content\/uploads\/2020\/07\/Lagerfeuerplatz-2015-768x373.png 768w\" sizes=\"auto, (max-width: 913px) 100vw, 913px\" \/><\/a><\/figure>\n\n\n\n<figure class=\"wp-block-image size-large\"><a href=\"https:\/\/wimmergreuthgruenau.at\/wp-content\/uploads\/2020\/07\/NF_Gruenau_3773_b_kleiner-1.png\"><img loading=\"lazy\" decoding=\"async\" width=\"1024\" height=\"533\" data-id=\"244\" src=\"https:\/\/wimmergreuthgruenau.at\/wp-content\/uploads\/2020\/07\/NF_Gruenau_3773_b_kleiner-1-1024x533.png\" alt=\"Panoramablick\" class=\"wp-image-244\" srcset=\"https:\/\/sporthotel-gruenau.at\/wp-content\/uploads\/2020\/07\/NF_Gruenau_3773_b_kleiner-1-1024x533.png 1024w, https:\/\/sporthotel-gruenau.at\/wp-content\/uploads\/2020\/07\/NF_Gruenau_3773_b_kleiner-1-300x156.png 300w, https:\/\/sporthotel-gruenau.at\/wp-content\/uploads\/2020\/07\/NF_Gruenau_3773_b_kleiner-1-768x399.png 768w, https:\/\/sporthotel-gruenau.at\/wp-content\/uploads\/2020\/07\/NF_Gruenau_3773_b_kleiner-1.png 1140w\" sizes=\"auto, (max-width: 1024px) 100vw, 1024px\" \/><\/a><\/figure>\n<\/figure>\n\n\n\n<h3 class=\"wp-block-heading\">Current events<\/h3>\n\n\n\n<ul class=\"wp-block-list\">\n<li><strong>Waldness<\/strong>: Getting in touch with nature and native forests. <a href=\"https:\/\/www.waldness.info\/\" target=\"_blank\" rel=\"noreferrer noopener\">Further information<\/a><\/li>\n\n\n\n<li><strong>Genuss am Almfluss<\/strong>: A 52-kilometer trail along the Alm river showcasing the breathtaking scenery of the Austrian countryside. <a rel=\"noreferrer noopener\" href=\"https:\/\/traunsee-almtal.salzkammergut.at\/aktiv\/wandern\/genuss-am-almfluss.html\" target=\"_blank\">Further information<\/a><\/li>\n<\/ul>\n\n\n\n<figure class=\"wp-block-gallery has-nested-images columns-default is-cropped wp-block-gallery-2 is-layout-flex wp-block-gallery-is-layout-flex\">\n<figure class=\"wp-block-image size-large\"><a href=\"https:\/\/wimmergreuthgruenau.at\/wp-content\/uploads\/2020\/08\/NF_Gruenau_3778_b-scaled.jpg\"><img loading=\"lazy\" decoding=\"async\" width=\"1024\" height=\"683\" data-id=\"447\" src=\"https:\/\/wimmergreuthgruenau.at\/wp-content\/uploads\/2020\/08\/NF_Gruenau_3778_b-1024x683.jpg\" alt=\"Haus Wimmergreuth\" class=\"wp-image-447\" srcset=\"https:\/\/sporthotel-gruenau.at\/wp-content\/uploads\/2020\/08\/NF_Gruenau_3778_b-1024x683.jpg 1024w, https:\/\/sporthotel-gruenau.at\/wp-content\/uploads\/2020\/08\/NF_Gruenau_3778_b-300x200.jpg 300w, https:\/\/sporthotel-gruenau.at\/wp-content\/uploads\/2020\/08\/NF_Gruenau_3778_b-768x512.jpg 768w, https:\/\/sporthotel-gruenau.at\/wp-content\/uploads\/2020\/08\/NF_Gruenau_3778_b-1536x1024.jpg 1536w, https:\/\/sporthotel-gruenau.at\/wp-content\/uploads\/2020\/08\/NF_Gruenau_3778_b-2048x1365.jpg 2048w, https:\/\/sporthotel-gruenau.at\/wp-content\/uploads\/2020\/08\/NF_Gruenau_3778_b-1568x1045.jpg 1568w\" sizes=\"auto, (max-width: 1024px) 100vw, 1024px\" \/><\/a><\/figure>\n\n\n\n<figure class=\"wp-block-image size-large\"><a href=\"https:\/\/wimmergreuthgruenau.at\/wp-content\/uploads\/2020\/08\/NF_Gruenau_3836_b-scaled.jpg\"><img loading=\"lazy\" decoding=\"async\" width=\"1024\" height=\"878\" data-id=\"443\" src=\"https:\/\/wimmergreuthgruenau.at\/wp-content\/uploads\/2020\/08\/NF_Gruenau_3836_b-1024x878.jpg\" alt=\"Atrium\" class=\"wp-image-443\" srcset=\"https:\/\/sporthotel-gruenau.at\/wp-content\/uploads\/2020\/08\/NF_Gruenau_3836_b-1024x878.jpg 1024w, https:\/\/sporthotel-gruenau.at\/wp-content\/uploads\/2020\/08\/NF_Gruenau_3836_b-300x257.jpg 300w, https:\/\/sporthotel-gruenau.at\/wp-content\/uploads\/2020\/08\/NF_Gruenau_3836_b-768x659.jpg 768w, https:\/\/sporthotel-gruenau.at\/wp-content\/uploads\/2020\/08\/NF_Gruenau_3836_b-1536x1317.jpg 1536w, https:\/\/sporthotel-gruenau.at\/wp-content\/uploads\/2020\/08\/NF_Gruenau_3836_b-2048x1756.jpg 2048w, https:\/\/sporthotel-gruenau.at\/wp-content\/uploads\/2020\/08\/NF_Gruenau_3836_b-1568x1345.jpg 1568w\" sizes=\"auto, (max-width: 1024px) 100vw, 1024px\" \/><\/a><\/figure>\n\n\n\n<figure class=\"wp-block-image size-large\"><a href=\"https:\/\/wimmergreuthgruenau.at\/wp-content\/uploads\/2020\/08\/NF_Gruenau_3843_b-scaled.jpg\"><img loading=\"lazy\" decoding=\"async\" width=\"1024\" height=\"683\" data-id=\"440\" src=\"https:\/\/wimmergreuthgruenau.at\/wp-content\/uploads\/2020\/08\/NF_Gruenau_3843_b-1024x683.jpg\" alt=\"Seminarraum\" class=\"wp-image-440\" srcset=\"https:\/\/sporthotel-gruenau.at\/wp-content\/uploads\/2020\/08\/NF_Gruenau_3843_b-1024x683.jpg 1024w, https:\/\/sporthotel-gruenau.at\/wp-content\/uploads\/2020\/08\/NF_Gruenau_3843_b-300x200.jpg 300w, https:\/\/sporthotel-gruenau.at\/wp-content\/uploads\/2020\/08\/NF_Gruenau_3843_b-768x512.jpg 768w, https:\/\/sporthotel-gruenau.at\/wp-content\/uploads\/2020\/08\/NF_Gruenau_3843_b-1536x1024.jpg 1536w, https:\/\/sporthotel-gruenau.at\/wp-content\/uploads\/2020\/08\/NF_Gruenau_3843_b-2048x1365.jpg 2048w, https:\/\/sporthotel-gruenau.at\/wp-content\/uploads\/2020\/08\/NF_Gruenau_3843_b-1568x1045.jpg 1568w\" sizes=\"auto, (max-width: 1024px) 100vw, 1024px\" \/><\/a><\/figure>\n<\/figure>\n\n\n\n<div class=\"wp-block-columns is-layout-flex wp-container-core-columns-is-layout-9d6595d7 wp-block-columns-is-layout-flex\">\n<div class=\"wp-block-column is-layout-flow wp-block-column-is-layout-flow\" style=\"flex-basis:100%\">\n<div class=\"wp-block-group is-nowrap is-layout-flex wp-container-core-group-is-layout-ad2f72ca wp-block-group-is-layout-flex\">\n<figure class=\"wp-block-gallery alignwide has-nested-images columns-2 wp-block-gallery-3 is-layout-flex wp-block-gallery-is-layout-flex\">\n<figure class=\"wp-block-image size-full is-style-default\"><img loading=\"lazy\" decoding=\"async\" width=\"250\" height=\"70\" data-id=\"337\" src=\"https:\/\/wimmergreuthgruenau.at\/wp-content\/uploads\/2020\/07\/Genuss_am_Almfluss_Logo..png\" alt=\"Genuss am Almfluss Logo\" class=\"wp-image-337\"\/><\/figure>\n\n\n\n<figure class=\"wp-block-image size-full\"><img loading=\"lazy\" decoding=\"async\" width=\"200\" height=\"132\" data-id=\"338\" src=\"https:\/\/wimmergreuthgruenau.at\/wp-content\/uploads\/2020\/07\/Waldness_Traunsee_Logo.png\" alt=\"Waldness Logo\" class=\"wp-image-338\"\/><\/figure>\n<figcaption class=\"blocks-gallery-caption wp-element-caption\"><br><\/figcaption><\/figure>\n<\/div>\n<\/div>\n<\/div>\n\n\n\n<p><\/p>","protected":false},"excerpt":{"rendered":"<p>Unser Haus liegt in wundersch\u00f6ner Lage, auf einer Anh\u00f6he, am Fu\u00dfe des Dachskopfes auf 620m Seeh\u00f6he. Das Haus ist idealer Ausgangspunkt f\u00fcr Aktivit\u00e4ten wie Wandern, Klettern, Radfahren oder Bergsteigen. Aktuelles<\/p>","protected":false},"author":2,"featured_media":350,"parent":0,"menu_order":4,"comment_status":"closed","ping_status":"closed","template":"","meta":{"footnotes":""},"class_list":["post-255","page","type-page","status-publish","has-post-thumbnail","hentry","entry"],"_links":{"self":[{"href":"https:\/\/sporthotel-gruenau.at\/en\/wp-json\/wp\/v2\/pages\/255","targetHints":{"allow":["GET"]}}],"collection":[{"href":"https:\/\/sporthotel-gruenau.at\/en\/wp-json\/wp\/v2\/pages"}],"about":[{"href":"https:\/\/sporthotel-gruenau.at\/en\/wp-json\/wp\/v2\/types\/page"}],"author":[{"embeddable":true,"href":"https:\/\/sporthotel-gruenau.at\/en\/wp-json\/wp\/v2\/users\/2"}],"replies":[{"embeddable":true,"href":"https:\/\/sporthotel-gruenau.at\/en\/wp-json\/wp\/v2\/comments?post=255"}],"version-history":[{"count":53,"href":"https:\/\/sporthotel-gruenau.at\/en\/wp-json\/wp\/v2\/pages\/255\/revisions"}],"predecessor-version":[{"id":1178,"href":"https:\/\/sporthotel-gruenau.at\/en\/wp-json\/wp\/v2\/pages\/255\/revisions\/1178"}],"wp:featuredmedia":[{"embeddable":true,"href":"https:\/\/sporthotel-gruenau.at\/en\/wp-json\/wp\/v2\/media\/350"}],"wp:attachment":[{"href":"https:\/\/sporthotel-gruenau.at\/en\/wp-json\/wp\/v2\/media?parent=255"}],"curies":[{"name":"wp","href":"https:\/\/api.w.org\/{rel}","templated":true}]}}