{"id":408,"date":"2020-08-17T00:57:50","date_gmt":"2020-08-16T22:57:50","guid":{"rendered":"https:\/\/wimmergreuthgruenau.at\/?page_id=408"},"modified":"2026-03-13T19:24:41","modified_gmt":"2026-03-13T18:24:41","slug":"winterspass-am-wimmergreuth","status":"publish","type":"page","link":"https:\/\/sporthotel-gruenau.at\/en\/winterspass-am-wimmergreuth\/","title":{"rendered":"Winter Sports at Wimmergreuth"},"content":{"rendered":"<p>Unser Haus liegt in wundersch\u00f6ner Alleinlage auf einer kleinen Anh\u00f6he, am Fu\u00dfe des Dachskopfes auf 620m Seeh\u00f6he und bietet Sportbegeisterten den idealen Ausgangspunkt f\u00fcr verschiedenste Aktivit\u00e4ten. <\/p>\n\n\n\n<p>Stockschie\u00dfen und Winterwandern oder romantische Schlittenfahrten und Schneeschuhwanderungen in wundersch\u00f6ner Natur k\u00f6nnen Sie hier bei uns auskosten und genie\u00dfen. <\/p>\n\n\n\n<p>Hervorragend pr\u00e4parierte Pistenkilometer, eine weitl\u00e4ufige Kinderschiarena und ein Freestyle-Park f\u00fcr Snowboarder und Skifahrer garantieren herrlichen Winterspass im nahegelegenen Skigebiet Kasberg. <\/p>\n\n\n\n<figure class=\"wp-block-gallery has-nested-images columns-default is-cropped wp-block-gallery-1 is-layout-flex wp-block-gallery-is-layout-flex\">\n<figure class=\"wp-block-image size-large\"><a href=\"https:\/\/wimmergreuthgruenau.at\/wp-content\/uploads\/2020\/08\/2065971_eb.jpg\"><img loading=\"lazy\" decoding=\"async\" width=\"800\" height=\"533\" data-id=\"416\" src=\"https:\/\/wimmergreuthgruenau.at\/wp-content\/uploads\/2020\/08\/2065971_eb.jpg\" alt=\"Winterspa\u00df am Wimmergreuth\" class=\"wp-image-416\" srcset=\"https:\/\/sporthotel-gruenau.at\/wp-content\/uploads\/2020\/08\/2065971_eb.jpg 800w, https:\/\/sporthotel-gruenau.at\/wp-content\/uploads\/2020\/08\/2065971_eb-300x200.jpg 300w, https:\/\/sporthotel-gruenau.at\/wp-content\/uploads\/2020\/08\/2065971_eb-768x512.jpg 768w\" sizes=\"auto, (max-width: 800px) 100vw, 800px\" \/><\/a><\/figure>\n\n\n\n<figure class=\"wp-block-image size-large\"><a href=\"https:\/\/wimmergreuthgruenau.at\/wp-content\/uploads\/2020\/08\/2065965_eb.jpg\"><img loading=\"lazy\" decoding=\"async\" width=\"800\" height=\"533\" data-id=\"415\" src=\"https:\/\/wimmergreuthgruenau.at\/wp-content\/uploads\/2020\/08\/2065965_eb.jpg\" alt=\"Winterspa\u00df am Wimmergreuth\" class=\"wp-image-415\" srcset=\"https:\/\/sporthotel-gruenau.at\/wp-content\/uploads\/2020\/08\/2065965_eb.jpg 800w, https:\/\/sporthotel-gruenau.at\/wp-content\/uploads\/2020\/08\/2065965_eb-300x200.jpg 300w, https:\/\/sporthotel-gruenau.at\/wp-content\/uploads\/2020\/08\/2065965_eb-768x512.jpg 768w\" sizes=\"auto, (max-width: 800px) 100vw, 800px\" \/><\/a><\/figure>\n\n\n\n<figure class=\"wp-block-image size-full\"><a href=\"https:\/\/wimmergreuthgruenau.at\/wp-content\/uploads\/2023\/12\/winter-Wimmergreuth.jpg\"><img loading=\"lazy\" decoding=\"async\" width=\"312\" height=\"162\" data-id=\"1005\" src=\"https:\/\/wimmergreuthgruenau.at\/wp-content\/uploads\/2023\/12\/winter-Wimmergreuth.jpg\" alt=\"\" class=\"wp-image-1005\" srcset=\"https:\/\/sporthotel-gruenau.at\/wp-content\/uploads\/2023\/12\/winter-Wimmergreuth.jpg 312w, https:\/\/sporthotel-gruenau.at\/wp-content\/uploads\/2023\/12\/winter-Wimmergreuth-300x156.jpg 300w, https:\/\/sporthotel-gruenau.at\/wp-content\/uploads\/2023\/12\/winter-Wimmergreuth-18x9.jpg 18w\" sizes=\"auto, (max-width: 312px) 100vw, 312px\" \/><\/a><\/figure>\n<\/figure>\n\n\n\n<p>There are, of course, many alternative activities near Wimmergreuth you can participate in, including curling, sledding, hiking and snowshoeing. <\/p>\n\n\n\n<figure class=\"wp-block-gallery has-nested-images columns-default is-cropped wp-block-gallery-2 is-layout-flex wp-block-gallery-is-layout-flex\">\n<figure class=\"wp-block-image size-large\"><a href=\"https:\/\/wimmergreuthgruenau.at\/wp-content\/uploads\/2022\/03\/Kasberg2_PablovanderKuil-1.jpg\"><img loading=\"lazy\" decoding=\"async\" width=\"1024\" height=\"303\" data-id=\"733\" src=\"https:\/\/wimmergreuthgruenau.at\/wp-content\/uploads\/2022\/03\/Kasberg2_PablovanderKuil-1-1024x303.jpg\" alt=\"Skigebiet Kasberg\" class=\"wp-image-733\" srcset=\"https:\/\/sporthotel-gruenau.at\/wp-content\/uploads\/2022\/03\/Kasberg2_PablovanderKuil-1-1024x303.jpg 1024w, https:\/\/sporthotel-gruenau.at\/wp-content\/uploads\/2022\/03\/Kasberg2_PablovanderKuil-1-300x89.jpg 300w, https:\/\/sporthotel-gruenau.at\/wp-content\/uploads\/2022\/03\/Kasberg2_PablovanderKuil-1-768x227.jpg 768w, https:\/\/sporthotel-gruenau.at\/wp-content\/uploads\/2022\/03\/Kasberg2_PablovanderKuil-1-1536x455.jpg 1536w, https:\/\/sporthotel-gruenau.at\/wp-content\/uploads\/2022\/03\/Kasberg2_PablovanderKuil-1-18x5.jpg 18w, https:\/\/sporthotel-gruenau.at\/wp-content\/uploads\/2022\/03\/Kasberg2_PablovanderKuil-1-1568x464.jpg 1568w, https:\/\/sporthotel-gruenau.at\/wp-content\/uploads\/2022\/03\/Kasberg2_PablovanderKuil-1.jpg 2048w\" sizes=\"auto, (max-width: 1024px) 100vw, 1024px\" \/><\/a><\/figure>\n\n\n\n<figure class=\"wp-block-image size-large\"><a href=\"https:\/\/wimmergreuthgruenau.at\/wp-content\/uploads\/2025\/11\/IMG-20241228-WA0038.jpg\"><img loading=\"lazy\" decoding=\"async\" width=\"1024\" height=\"1024\" data-id=\"1250\" src=\"https:\/\/wimmergreuthgruenau.at\/wp-content\/uploads\/2025\/11\/IMG-20241228-WA0038-1024x1024.jpg\" alt=\"\" class=\"wp-image-1250\" srcset=\"https:\/\/sporthotel-gruenau.at\/wp-content\/uploads\/2025\/11\/IMG-20241228-WA0038-1024x1024.jpg 1024w, https:\/\/sporthotel-gruenau.at\/wp-content\/uploads\/2025\/11\/IMG-20241228-WA0038-300x300.jpg 300w, https:\/\/sporthotel-gruenau.at\/wp-content\/uploads\/2025\/11\/IMG-20241228-WA0038-150x150.jpg 150w, https:\/\/sporthotel-gruenau.at\/wp-content\/uploads\/2025\/11\/IMG-20241228-WA0038-768x768.jpg 768w, https:\/\/sporthotel-gruenau.at\/wp-content\/uploads\/2025\/11\/IMG-20241228-WA0038-1536x1536.jpg 1536w, https:\/\/sporthotel-gruenau.at\/wp-content\/uploads\/2025\/11\/IMG-20241228-WA0038-12x12.jpg 12w, https:\/\/sporthotel-gruenau.at\/wp-content\/uploads\/2025\/11\/IMG-20241228-WA0038-1568x1568.jpg 1568w, https:\/\/sporthotel-gruenau.at\/wp-content\/uploads\/2025\/11\/IMG-20241228-WA0038.jpg 1600w\" sizes=\"auto, (max-width: 1024px) 100vw, 1024px\" \/><\/a><\/figure>\n\n\n\n<figure class=\"wp-block-image size-large\"><a href=\"https:\/\/wimmergreuthgruenau.at\/wp-content\/uploads\/2023\/12\/weihnachten2023-scaled-e1702494387500.jpg\"><img loading=\"lazy\" decoding=\"async\" width=\"1024\" height=\"430\" data-id=\"1007\" src=\"https:\/\/wimmergreuthgruenau.at\/wp-content\/uploads\/2023\/12\/weihnachten2023-scaled-e1702494387500-1024x430.jpg\" alt=\"Wimmergreuth im Winter\" class=\"wp-image-1007\" srcset=\"https:\/\/sporthotel-gruenau.at\/wp-content\/uploads\/2023\/12\/weihnachten2023-scaled-e1702494387500-1024x430.jpg 1024w, https:\/\/sporthotel-gruenau.at\/wp-content\/uploads\/2023\/12\/weihnachten2023-scaled-e1702494387500-300x126.jpg 300w, https:\/\/sporthotel-gruenau.at\/wp-content\/uploads\/2023\/12\/weihnachten2023-scaled-e1702494387500-768x323.jpg 768w, https:\/\/sporthotel-gruenau.at\/wp-content\/uploads\/2023\/12\/weihnachten2023-scaled-e1702494387500-1536x645.jpg 1536w, https:\/\/sporthotel-gruenau.at\/wp-content\/uploads\/2023\/12\/weihnachten2023-scaled-e1702494387500-2048x860.jpg 2048w, https:\/\/sporthotel-gruenau.at\/wp-content\/uploads\/2023\/12\/weihnachten2023-scaled-e1702494387500-18x8.jpg 18w, https:\/\/sporthotel-gruenau.at\/wp-content\/uploads\/2023\/12\/weihnachten2023-scaled-e1702494387500-1568x658.jpg 1568w\" sizes=\"auto, (max-width: 1024px) 100vw, 1024px\" \/><\/a><\/figure>\n<\/figure>\n\n\n\n<p>Erholung nach einer ausgiebigen Winterwanderung bietet auch unser Wellnessbereich. Ob Sauna oder Infrarotkabine, beides tut gut und bringt neue Energie. Gerne steht Ihnen der neue Wellnessbereich ganz bequem per Vorbestellung zur Verf\u00fcgung.<\/p>\n\n\n\n<p>Offsite Facilities near Wimmergreuth:<\/p>\n\n\n\n<ul class=\"wp-block-list\">\n<li>Cable car to Kasberg mountain (15 minutes\u2019 walk)<\/li>\n\n\n\n<li>Chair lift<\/li>\n\n\n\n<li>Cross-country skiing trail<\/li>\n<\/ul>\n\n\n\n<p>Weitere Informationen finden Sie auch unter <a href=\"https:\/\/traunsee-almtal.salzkammergut.at\/\" data-type=\"URL\" data-id=\"https:\/\/traunsee-almtal.salzkammergut.at\/\" target=\"_blank\" rel=\"noreferrer noopener\">Tourist Information Gr\u00fcnau<\/a>.<\/p>\n\n\n\n<p>We are looking forward to your stay!<\/p>\n\n\n\n<p><\/p>","protected":false},"excerpt":{"rendered":"<p>Unser Haus liegt in wundersch\u00f6ner Alleinlage auf einer kleinen Anh\u00f6he, am Fu\u00dfe des Dachskopfes auf 620m Seeh\u00f6he und bietet Sportbegeisterten den idealen Ausgangspunkt f\u00fcr verschiedenste Aktivit\u00e4ten. Stockschie\u00dfen und Winterwandern oder romantische Schlittenfahrten und Schneeschuhwanderungen in wundersch\u00f6ner Natur k\u00f6nnen Sie hier bei uns auskosten und genie\u00dfen. Hervorragend pr\u00e4parierte Pistenkilometer, eine weitl\u00e4ufige Kinderschiarena und ein Freestyle-Park f\u00fcr &hellip; <\/p>\n<p class=\"link-more\"><a href=\"https:\/\/sporthotel-gruenau.at\/en\/winterspass-am-wimmergreuth\/\" class=\"more-link\">Continue reading<span class=\"screen-reader-text\"> &#8222;Winterspa\u00df am Wimmergreuth&#8220;<\/span><\/a><\/p>","protected":false},"author":2,"featured_media":967,"parent":0,"menu_order":0,"comment_status":"closed","ping_status":"closed","template":"","meta":{"footnotes":""},"class_list":["post-408","page","type-page","status-publish","has-post-thumbnail","hentry","entry"],"_links":{"self":[{"href":"https:\/\/sporthotel-gruenau.at\/en\/wp-json\/wp\/v2\/pages\/408","targetHints":{"allow":["GET"]}}],"collection":[{"href":"https:\/\/sporthotel-gruenau.at\/en\/wp-json\/wp\/v2\/pages"}],"about":[{"href":"https:\/\/sporthotel-gruenau.at\/en\/wp-json\/wp\/v2\/types\/page"}],"author":[{"embeddable":true,"href":"https:\/\/sporthotel-gruenau.at\/en\/wp-json\/wp\/v2\/users\/2"}],"replies":[{"embeddable":true,"href":"https:\/\/sporthotel-gruenau.at\/en\/wp-json\/wp\/v2\/comments?post=408"}],"version-history":[{"count":46,"href":"https:\/\/sporthotel-gruenau.at\/en\/wp-json\/wp\/v2\/pages\/408\/revisions"}],"predecessor-version":[{"id":1280,"href":"https:\/\/sporthotel-gruenau.at\/en\/wp-json\/wp\/v2\/pages\/408\/revisions\/1280"}],"wp:featuredmedia":[{"embeddable":true,"href":"https:\/\/sporthotel-gruenau.at\/en\/wp-json\/wp\/v2\/media\/967"}],"wp:attachment":[{"href":"https:\/\/sporthotel-gruenau.at\/en\/wp-json\/wp\/v2\/media?parent=408"}],"curies":[{"name":"wp","href":"https:\/\/api.w.org\/{rel}","templated":true}]}}